{"id":16,"date":"2025-05-21T16:38:39","date_gmt":"2025-05-21T14:38:39","guid":{"rendered":"http:\/\/dwbiuro.pl\/?page_id=16"},"modified":"2025-05-22T12:22:13","modified_gmt":"2025-05-22T10:22:13","slug":"biuro-rachunkowe-dw-wroclaw","status":"publish","type":"page","link":"https:\/\/dwbiuro.pl\/","title":{"rendered":"DW Wroc\u0142aw"},"content":{"rendered":"\n<figure class=\"wp-block-image size-large\"><img loading=\"lazy\" decoding=\"async\" width=\"1024\" height=\"683\" src=\"http:\/\/dwbiuro.pl\/wp-content\/uploads\/2025\/05\/72D8149B-6804-462D-B4E8-E584AB065ED1-1024x683.png\" alt=\"Biuro rachunkowe Wroc\u0142aw, finanse, ksi\u0119gowo\u015b\u0107, ksi\u0119gowy Wroc\u0142aw\" class=\"wp-image-14\" srcset=\"https:\/\/dwbiuro.pl\/wp-content\/uploads\/2025\/05\/72D8149B-6804-462D-B4E8-E584AB065ED1-1024x683.png 1024w, https:\/\/dwbiuro.pl\/wp-content\/uploads\/2025\/05\/72D8149B-6804-462D-B4E8-E584AB065ED1-300x200.png 300w, https:\/\/dwbiuro.pl\/wp-content\/uploads\/2025\/05\/72D8149B-6804-462D-B4E8-E584AB065ED1.png 1536w\" sizes=\"auto, (max-width: 1024px) 100vw, 1024px\" \/><\/figure>\n","protected":false},"excerpt":{"rendered":"","protected":false},"author":1,"featured_media":0,"parent":0,"menu_order":0,"comment_status":"closed","ping_status":"closed","template":"","meta":{"footnotes":""},"class_list":["post-16","page","type-page","status-publish","hentry"],"_links":{"self":[{"href":"https:\/\/dwbiuro.pl\/index.php?rest_route=\/wp\/v2\/pages\/16","targetHints":{"allow":["GET"]}}],"collection":[{"href":"https:\/\/dwbiuro.pl\/index.php?rest_route=\/wp\/v2\/pages"}],"about":[{"href":"https:\/\/dwbiuro.pl\/index.php?rest_route=\/wp\/v2\/types\/page"}],"author":[{"embeddable":true,"href":"https:\/\/dwbiuro.pl\/index.php?rest_route=\/wp\/v2\/users\/1"}],"replies":[{"embeddable":true,"href":"https:\/\/dwbiuro.pl\/index.php?rest_route=%2Fwp%2Fv2%2Fcomments&post=16"}],"version-history":[{"count":22,"href":"https:\/\/dwbiuro.pl\/index.php?rest_route=\/wp\/v2\/pages\/16\/revisions"}],"predecessor-version":[{"id":89,"href":"https:\/\/dwbiuro.pl\/index.php?rest_route=\/wp\/v2\/pages\/16\/revisions\/89"}],"wp:attachment":[{"href":"https:\/\/dwbiuro.pl\/index.php?rest_route=%2Fwp%2Fv2%2Fmedia&parent=16"}],"curies":[{"name":"wp","href":"https:\/\/api.w.org\/{rel}","templated":true}]}}